{"id":109,"date":"2016-01-03T13:02:47","date_gmt":"2016-01-03T12:02:47","guid":{"rendered":"http:\/\/kleingartenverein-bitburg.de\/?page_id=109"},"modified":"2019-05-05T19:19:12","modified_gmt":"2019-05-05T18:19:12","slug":"vereinsportrait","status":"publish","type":"page","link":"http:\/\/kleingartenverein-bitburg.de\/?page_id=109","title":{"rendered":"Vereinsportrait"},"content":{"rendered":"<p style=\"text-align: justify;\">Der Kleingartenverein Bitburg e.V. blickt auf eine ann\u00e4hernd 40-j\u00e4hrige Geschichte zur\u00fcck. Im Mai 1983 wurde der Verein gegr\u00fcndet, als gemeinn\u00fctzig anerkannt und im Vereinsregister eingetragen.<\/p>\n<p style=\"text-align: justify;\">Bereits mehr als\u00a0 zwei Jahre zuvor hatten die Planungen \u00fcber das Entstehen einer Gartenanlage am \u00f6stlichen Standrand, in der N\u00e4he des Sperberw\u00e4ldchen, begonnen. Einige H\u00fcrden waren f\u00fcr die Stadt Bitburg und die k\u00fcnftigen Kleing\u00e4rtner bis zur Realisierung zu \u00fcberwinden. Nachdem die Stadtratsfraktionen, nach reichlicher \u00dcberzeugungsarbeit des damaligen B\u00fcrgermeisters Theo Hallet, dem Vorhaben zugestimmt hatten, begann der Grundst\u00fcckserwerb. Die Stadt erwarb von verschiedenen Eigent\u00fcmern eine Fl\u00e4che von 1,6 ha, die k\u00fcnftig kleing\u00e4rtnerisch genutzt werden sollte. Danach begannen umfangreiche Tiefbauma\u00dfnahmen, um das Gel\u00e4nde der neuen Nutzung anzupassen.<\/p>\n<p style=\"text-align: justify;\">Nach der Vereinsgr\u00fcndung im Mai 1983, als deren erster Vorsitzender Franz Weber gew\u00e4hlt wurde, \u00fcbergab die Stadt Bitburg das Gel\u00e4nde an den Kleingartenverein Bitburg e.V. als Generalp\u00e4chter. Die Verwaltung der Anlage, einschlie\u00dflich der Unterpachtung der Parzellen, erfolgt in Eigenregie des Vereins.<\/p>\n<p style=\"text-align: justify;\">Unmittelbar nach der Vereinsgr\u00fcndung trat der Kleingartenverein Bitburg e.V. dem Landesverband Rheinland-Pfalz der Kleing\u00e4rtner e.V. bei, der wiederum Mitglied im Bundesverband Deutscher Gartenfreunde e.V. ist.<\/p>\n<p style=\"text-align: justify;\">Ab 1983 erfolgte innerhalb von zwei Jahren der Bau vom einem Gro\u00dfteil der 43 Gartenlauben, die Grundst\u00fccksgr\u00f6\u00dfen variieren von 200 m<sup>2<\/sup> bis 450 m<sup>2<\/sup>.<\/p>\n<p style=\"text-align: justify;\">Im Sommer 1984 war die Errichtung der Anlage soweit, dass ein erstes f\u00fcr die \u00d6ffentlichkeit bestimmtes Gartenfest ausgerichtet werden konnte.<\/p>\n<p style=\"text-align: justify;\">1988 erhielt der Verein den erstmals durch die Kreisverwaltung Bitburg-Pr\u00fcm ausgelobten Umweltpreis. Im Folgejahr errang die Gartenanlage im Landeswettbewerb \u201eG\u00e4rten im St\u00e4dtebau\u201c den zweiten Platz und erzielte auf Bundesebene ebenfalls eine Auszeichnung.<\/p>\n<p style=\"text-align: justify;\">Die Kleingartenanlage ist Teil der st\u00e4dtischen Gr\u00fcnanlagen und f\u00fcr Besucher t\u00e4glich ge\u00f6ffnet. Auf dem Gel\u00e4nde befindet sich ein gem\u00fctliches Vereinslokal mit einem Kinderspielplatz, Biergarten und Grillplatz, in dem G\u00e4ste willkommen sind. Der Rad- und Wanderweg aus der Stadt zum Kylltalradweg nach Erdorf und die Verbindung zum Nimstalradweg f\u00fchrt direkt an den G\u00e4rten und am Vereinslokal vorbei.<\/p>\n<p style=\"text-align: justify;\">Neben den aktiven Mitgliedern und deren Familienangeh\u00f6rigen geh\u00f6ren dem Verein noch mehr als 65 F\u00f6rdermitglieder an.<\/p>\n","protected":false},"excerpt":{"rendered":"<p>Der Kleingartenverein Bitburg e.V. blickt auf eine ann\u00e4hernd 40-j\u00e4hrige Geschichte zur\u00fcck. Im Mai 1983 wurde der Verein gegr\u00fcndet, als gemeinn\u00fctzig anerkannt und im Vereinsregister eingetragen. Bereits mehr als\u00a0 zwei Jahre zuvor hatten die Planungen \u00fcber das Entstehen einer Gartenanlage am \u00f6stlichen Standrand, in der N\u00e4he des Sperberw\u00e4ldchen, begonnen. Einige H\u00fcrden waren f\u00fcr die Stadt Bitburg [&hellip;]<\/p>\n","protected":false},"author":1,"featured_media":0,"parent":0,"menu_order":0,"comment_status":"closed","ping_status":"closed","template":"","meta":{"footnotes":""},"class_list":["post-109","page","type-page","status-publish","hentry"],"_links":{"self":[{"href":"http:\/\/kleingartenverein-bitburg.de\/index.php?rest_route=\/wp\/v2\/pages\/109","targetHints":{"allow":["GET"]}}],"collection":[{"href":"http:\/\/kleingartenverein-bitburg.de\/index.php?rest_route=\/wp\/v2\/pages"}],"about":[{"href":"http:\/\/kleingartenverein-bitburg.de\/index.php?rest_route=\/wp\/v2\/types\/page"}],"author":[{"embeddable":true,"href":"http:\/\/kleingartenverein-bitburg.de\/index.php?rest_route=\/wp\/v2\/users\/1"}],"replies":[{"embeddable":true,"href":"http:\/\/kleingartenverein-bitburg.de\/index.php?rest_route=%2Fwp%2Fv2%2Fcomments&post=109"}],"version-history":[{"count":15,"href":"http:\/\/kleingartenverein-bitburg.de\/index.php?rest_route=\/wp\/v2\/pages\/109\/revisions"}],"predecessor-version":[{"id":299,"href":"http:\/\/kleingartenverein-bitburg.de\/index.php?rest_route=\/wp\/v2\/pages\/109\/revisions\/299"}],"wp:attachment":[{"href":"http:\/\/kleingartenverein-bitburg.de\/index.php?rest_route=%2Fwp%2Fv2%2Fmedia&parent=109"}],"curies":[{"name":"wp","href":"https:\/\/api.w.org\/{rel}","templated":true}]}}