{"id":112,"date":"2016-01-03T13:04:40","date_gmt":"2016-01-03T12:04:40","guid":{"rendered":"http:\/\/kleingartenverein-bitburg.de\/?page_id=112"},"modified":"2025-06-14T13:23:40","modified_gmt":"2025-06-14T12:23:40","slug":"vorstand","status":"publish","type":"page","link":"http:\/\/kleingartenverein-bitburg.de\/?page_id=112","title":{"rendered":"Vorstand"},"content":{"rendered":"<p><strong>Vorsitzender:<\/strong><br \/>\nJens Gillen<br \/>\nDauner Stra\u00dfe 5a<br \/>\n54634 Bitburg<br \/>\nTel.:<br \/>\nFax:<br \/>\nMail:\u00a0\u00a0\u00a0\u00a0 <a href=\"mailto:bernhardweber@web.de\">kleingartenvereinbitburg@web.de<\/a><\/p>\n<p><strong>stellv. Vorsitzender:<\/strong><br \/>\nPeter Kochann<\/p>\n<p><strong>Kassierer:<\/strong><br \/>\nArthur Bast<\/p>\n<p><strong>stellv. Kassierer:<\/strong><br \/>\nUlli Hemmes<\/p>\n<p><strong>Schriftf\u00fchrerin:<\/strong><br \/>\nTanja M\u00fcller<\/p>\n<p><strong>stellv. Schriftf\u00fchrerin:<\/strong><br \/>\nMonika Lames<\/p>\n<p><strong>Kassenpr\u00fcfer:<\/strong><br \/>\nBernhard Weber, J\u00fcrgen Reisen<\/p>\n","protected":false},"excerpt":{"rendered":"<p>Vorsitzender: Jens Gillen Dauner Stra\u00dfe 5a 54634 Bitburg Tel.: Fax: Mail:\u00a0\u00a0\u00a0\u00a0 kleingartenvereinbitburg@web.de stellv. Vorsitzender: Peter Kochann Kassierer: Arthur Bast stellv. Kassierer: Ulli Hemmes Schriftf\u00fchrerin: Tanja M\u00fcller stellv. Schriftf\u00fchrerin: Monika Lames Kassenpr\u00fcfer: Bernhard Weber, J\u00fcrgen Reisen<\/p>\n","protected":false},"author":1,"featured_media":0,"parent":0,"menu_order":0,"comment_status":"closed","ping_status":"closed","template":"","meta":{"footnotes":""},"class_list":["post-112","page","type-page","status-publish","hentry"],"_links":{"self":[{"href":"http:\/\/kleingartenverein-bitburg.de\/index.php?rest_route=\/wp\/v2\/pages\/112","targetHints":{"allow":["GET"]}}],"collection":[{"href":"http:\/\/kleingartenverein-bitburg.de\/index.php?rest_route=\/wp\/v2\/pages"}],"about":[{"href":"http:\/\/kleingartenverein-bitburg.de\/index.php?rest_route=\/wp\/v2\/types\/page"}],"author":[{"embeddable":true,"href":"http:\/\/kleingartenverein-bitburg.de\/index.php?rest_route=\/wp\/v2\/users\/1"}],"replies":[{"embeddable":true,"href":"http:\/\/kleingartenverein-bitburg.de\/index.php?rest_route=%2Fwp%2Fv2%2Fcomments&post=112"}],"version-history":[{"count":11,"href":"http:\/\/kleingartenverein-bitburg.de\/index.php?rest_route=\/wp\/v2\/pages\/112\/revisions"}],"predecessor-version":[{"id":518,"href":"http:\/\/kleingartenverein-bitburg.de\/index.php?rest_route=\/wp\/v2\/pages\/112\/revisions\/518"}],"wp:attachment":[{"href":"http:\/\/kleingartenverein-bitburg.de\/index.php?rest_route=%2Fwp%2Fv2%2Fmedia&parent=112"}],"curies":[{"name":"wp","href":"https:\/\/api.w.org\/{rel}","templated":true}]}}